{"id":1920,"date":"2024-07-23T17:43:20","date_gmt":"2024-07-23T15:43:20","guid":{"rendered":"https:\/\/caleyron.com\/datenschutzrichtlinie\/"},"modified":"2024-12-21T13:14:08","modified_gmt":"2024-12-21T12:14:08","slug":"datenschutzrichtlinie","status":"publish","type":"page","link":"https:\/\/caleyron.com\/de\/datenschutzrichtlinie\/","title":{"rendered":"Datenschutzrichtlinie"},"content":{"rendered":"\n<div class=\"wp-block-group page-content\"><div class=\"wp-block-group__inner-container is-layout-constrained wp-block-group-is-layout-constrained\">\n    <div style=\"height:100px\" aria-hidden=\"true\" class=\"wp-block-spacer\"><\/div>\n    \n    \n    \n    <h1 class=\"wp-block-heading contact-title has-rouge-color has-text-color has-link-color wp-elements-353fbead3a146b689b019f5149f4a1d6\">Datenschutzrichtlinie<\/h1>\n    \n    \n    \n    <div style=\"height:30px\" aria-hidden=\"true\" class=\"wp-block-spacer\"><\/div>\n    \n    \n    \n    <p>Die vorliegende Datenschutzrichtlinie gilt f\u00fcr die Website \" <a href=\"https:\/\/www.caleyron.com\/\">http:\/\/www.caleyron.com\/<\/a> \". Der folgende Text erl\u00e4utert die Kategorien der von <strong>CALEYRON INDUSTRIES<\/strong> gesammelten Daten, ihre Verarbeitung, die intern und extern mobilisierten Akteure, die Dauer und den Ort der Speicherung und die Modalit\u00e4ten der Einsichtnahme. Durch die Nutzung unserer Website erkl\u00e4ren Sie sich mit den auf dieser Seite beschriebenen Praktiken einverstanden.  <\/p>\n    \n    \n    \n    <div style=\"height:30px\" aria-hidden=\"true\" class=\"wp-block-spacer\"><\/div>\n    \n    \n    \n    <h3 class=\"wp-block-heading\"><strong>Welche Daten werden bei <\/strong>CALEYRON INDUSTRIES <strong>verarbeitet <\/strong> <strong>?<\/strong><\/h3>\n    \n    \n    \n    <p>Durch das Ausf\u00fcllen von Formularen, das Besuchen von Seiten der Website oder das Senden von Korrespondenz an uns k\u00f6nnen wir bestimmte Daten sammeln. Es steht Ihnen frei, unsere Website zu erkunden, ohne Informationen \u00fcber sich selbst anzugeben. <\/p>\n    \n    \n    \n    <div style=\"height:30px\" aria-hidden=\"true\" class=\"wp-block-spacer\"><\/div>\n    \n    \n    \n    <h3 class=\"wp-block-heading\">Pers\u00f6nliche Informationen<\/h3>\n    \n    \n    \n    <p>Bei der \u00dcbermittlung des Kontaktformulars kann CALEYRON INDUSTRIES folgende Daten speichern: Ihren Namen, Vornamen, E-Mail-Adresse und Telefonnummer.<br\/>Das Formular kann nur validiert werden, wenn Sie das K\u00e4stchen ankreuzen, das best\u00e4tigt, dass Sie unsere Datenschutzpolitik zur Kenntnis genommen haben und damit einverstanden sind, im Rahmen von R\u00fcckfragen erneut kontaktiert zu werden.<\/p>\n    \n    \n    \n    <div style=\"height:30px\" aria-hidden=\"true\" class=\"wp-block-spacer\"><\/div>\n    \n    \n    \n    <h3 class=\"wp-block-heading\"><strong>Wie verwenden wir Ihre Daten?<\/strong><\/h3>\n    \n    \n    \n    <p><strong>CALEYRON INDUSTRIES<\/strong> verwendet Ihre Daten im Rahmen der Verwaltung seiner Kunden-\/Interessentenbeziehungen. Ihr Zweck ist es, die Verfolgung von Auftr\u00e4gen, die dem Unternehmen anvertraut wurden, zu erleichtern und\/oder Nachrichten und Informationen zu versenden, die Ihr Interesse wecken k\u00f6nnten. <\/p>\n    \n    \n    \n    <div style=\"height:30px\" aria-hidden=\"true\" class=\"wp-block-spacer\"><\/div>\n    \n    \n    \n    <h3 class=\"wp-block-heading\">Navigationsinformationen (Cookies)<\/h3>\n    \n    \n    \n    <p><strong>CALEYRON INDUSTRIES <\/strong>sammelt keine pers\u00f6nlichen Daten, w\u00e4hrend Sie auf dieser Website surfen. Ihre IP-Adresse wird vollst\u00e4ndig anonymisiert und Ihre Geolokalisierung ist nicht m\u00f6glich.<br\/>Die einzigen Daten, die wir speichern, sind <\/p>\n    \n    \n    \n    <ul class=\"wp-block-list\">\n    <li>die Quelle Ihres Besuchs (Suchmaschinen, soziale Netzwerke, Links, etc.)<\/li>\n    \n    \n    \n    <li>Ihren Besuch auf der Website (Seitenaufrufe, Lesedauer, etc.)<\/li>\n    \n    \n    \n    <li>die verwendete Hardware (Medium, Browser, Bildschirmgr\u00f6\u00dfe)<\/li>\n    <\/ul>\n    \n    \n    \n    <p>Wir gehen daher davon aus, dass die Cookies, die Ihrem Computer hinzugef\u00fcgt werden, f\u00fcr das ordnungsgem\u00e4\u00dfe Funktionieren der Website und f\u00fcr die Ergonomie der Website w\u00e4hrend Ihres Besuchs notwendig sind.<\/p>\n    \n    \n    \n    <p>Sie k\u00f6nnen jedoch das Sammeln von Cookies w\u00e4hrend Ihres Surfens blockieren. Dazu m\u00fcssen Sie die Einstellungen Ihres Browsers \u00e4ndern. Die Einstellung f\u00fcr Cookies befindet sich in der Regel im Men\u00fc \"Optionen\" oder \"Einstellungen\" Ihres Internetbrowsers. Die folgenden Links werden Ihnen helfen, besser zu verstehen, wie Sie diese Einstellungen anpassen k\u00f6nnen:   <\/p>\n    \n    \n    \n    <ul class=\"wp-block-list\">\n    <li><a href=\"https:\/\/support.microsoft.com\/fr-fr\/help\/17442\/windows-internet-explorer-delete-manage-cookies\" target=\"_blank\" rel=\"noreferrer noopener\"><em>Cookie-Einstellungen im Internet Explorer<\/em><\/a><\/li>\n    \n    \n    \n    <li><a href=\"https:\/\/support.mozilla.org\/fr\/kb\/activer-desactiver-cookies-preferences\" target=\"_blank\" rel=\"noreferrer noopener\"><em>Cookie-Einstellungen in Firefox<\/em><\/a><\/li>\n    \n    \n    \n    <li><a href=\"https:\/\/support.google.com\/chrome\/answer\/95647\" target=\"_blank\" rel=\"noreferrer noopener\"><em>Cookie-Einstellungen in Chrome<\/em><\/a><\/li>\n    \n    \n    \n    <li><a href=\"https:\/\/support.apple.com\/kb\/ph21411?locale=fr_FR\" target=\"_blank\" rel=\"noreferrer noopener\"><em>Cookie-Einstellungen in Safari<\/em><\/a><\/li>\n    <\/ul>\n    \n    \n    \n    <div style=\"height:30px\" aria-hidden=\"true\" class=\"wp-block-spacer\"><\/div>\n    \n    \n    \n    <h3 class=\"wp-block-heading\"><strong>Verwendete Cookies<\/strong><\/h3>\n    \n    \n    \n    <p>Unsere Website verwendet Cookies, die sicherstellen, dass bestimmte Teile der Website korrekt funktionieren und dass Ihre Pr\u00e4ferenzen als Nutzer ber\u00fccksichtigt werden. Diese sogenannten \"funktionalen\" Cookies erfordern nicht Ihre Zustimmung. <\/p>\n    \n    \n    \n    <table class=\"wp-block-advgb-table advgb-table-frontend\"><tbody><tr><td style=\"background-color:#0E0D17;color:#fff\"><strong>Name des Anbieters<\/strong><\/td><td style=\"background-color:#0E0D17;color:#fff\"><strong>Name des Cookies<\/strong><\/td><td style=\"background-color:#0E0D17;color:#fff\"><strong>Dauer der Speicherung<\/strong><\/td><td style=\"background-color:#0E0D17;color:#fff\"><strong>Zweck<\/strong><\/td><\/tr><tr><td>CALEYRON INDUSTRIES<\/td><td>_pkk_id.nnnnn<\/td><td>13 Monate<\/td><td>Speichert Ihre eindeutige Besucher-ID.<\/td><\/tr><tr><td style=\"background-color:#EFF4F4\">CALEYRON INDUSTRIES<\/td><td style=\"background-color:#EFF4F4\">_pk_ref.nnnnn&nbsp;<\/td><td style=\"background-color:#EFF4F4\">6 Monate<\/td><td style=\"background-color:#EFF4F4\">Speichert den Weg, auf dem Sie auf die Website gelangt sind.<\/td><\/tr><tr><td>CALEYRON INDUSTRIES<\/td><td>_pkk_ses.nnnnn&nbsp;&nbsp;<\/td><td>30 Min.<\/td><td>Erm\u00f6glicht die vor\u00fcbergehende Speicherung Ihrer Besuchsdaten.<\/td><\/tr><tr><td style=\"background-color:#EFF4F4\">CALEYRON INDUSTRIES<\/td><td style=\"background-color:#EFF4F4\">hasConsent<\/td><td style=\"background-color:#EFF4F4\">7 Tage<\/td><td style=\"background-color:#EFF4F4\">Das Cookie-Popup wird nicht mehr angezeigt.<\/td><\/tr><\/tbody><\/table>\n    \n    \n    \n    <div style=\"height:30px\" aria-hidden=\"true\" class=\"wp-block-spacer\"><\/div>\n    \n    \n    \n    <h3 class=\"wp-block-heading\"><strong>Wer hat Zugang zu Ihren Daten?<\/strong><\/h3>\n    \n    \n    \n    <p>Intern haben die Mitarbeiter der Agentur <strong>CALEYRON INDUSTRIES<\/strong> Zugang zu Ihren Daten.<\/p>\n    \n    \n    \n    <p>Sofern der Nutzer keine Einw\u00e4nde hat, k\u00f6nnen wir Ihre Daten auch an unsere Partner weitergeben, um die Aufgaben zu erf\u00fcllen, die Sie uns anvertraut haben. Diese Personen k\u00f6nnen sich direkt mit Ihnen \u00fcber die von Ihnen angegebenen Kontaktdaten in Verbindung setzen. Sie sind nicht berechtigt, Ihre pers\u00f6nlichen Daten f\u00fcr andere Zwecke zu verwenden und sind verpflichtet, diese vertraulich zu behandeln.  <\/p>\n    \n    \n    \n    <div style=\"height:30px\" aria-hidden=\"true\" class=\"wp-block-spacer\"><\/div>\n    \n    \n    \n    <h3 class=\"wp-block-heading\"><strong>Wo werden Ihre Daten gespeichert?<\/strong><\/h3>\n    \n    \n    \n    <p>Wir wenden verschiedene Sicherheitsverfahren an, um den besten Schutz f\u00fcr Ihre pers\u00f6nlichen Daten zu gew\u00e4hrleisten. Ihre Speicherung erfolgt in einem sicheren, \u00fcberwachten und vor unbefugtem Zugriff gesch\u00fctzten Computerraum. Wir verwenden auch das SSL-Verschl\u00fcsselungsprotokoll auf allen Seiten der Website <a href=\"http:\/\/www.caleyron.com\/\">http:\/\/www.caleyron.com\/<\/a>.  <\/p>\n    \n    \n    \n    <p>Diese Ma\u00dfnahmen zielen darauf ab, das Risiko eines unberechtigten Zugriffs auf Ihre Daten zu minimieren. Ein Nullrisiko gibt es jedoch nicht. <\/p>\n    \n    \n    \n    <div style=\"height:30px\" aria-hidden=\"true\" class=\"wp-block-spacer\"><\/div>\n    \n    \n    \n    <h3 class=\"wp-block-heading\"><strong>Wie lange werden Ihre Daten gespeichert?<\/strong><\/h3>\n    \n    \n    \n    <p>Um die uns anvertrauten Aufgaben bestm\u00f6glich zu erf\u00fcllen, speichert <strong>CALEYRON INDUSTRIES<\/strong> Ihre Daten, bis der Zweck, f\u00fcr den sie gesammelt wurden, erf\u00fcllt ist. Danach werden Ihre Daten aus unserer Datenbank gel\u00f6scht. Navigationsdaten (Cookies) werden gem\u00e4\u00df den gesetzlichen Bestimmungen 13 Monate lang aufbewahrt. Pers\u00f6nliche Daten werden maximal 24 Monate aufbewahrt, da diese Fristen f\u00fcr die Verwaltung der Kundenwerbung oder der Gesch\u00e4ftsbeziehung gelten.   <\/p>\n    \n    \n    \n    <p>Sie haben jederzeit das Recht auf Berichtigung, das Recht auf Vergessenwerden und das Recht auf L\u00f6schung Ihrer pers\u00f6nlichen Daten.<\/p>\n    \n    \n    \n    <div style=\"height:30px\" aria-hidden=\"true\" class=\"wp-block-spacer\"><\/div>\n    \n    \n    \n    <h3 class=\"wp-block-heading\"><strong>Wie k\u00f6nnen Sie auf Ihre Daten zugreifen?<\/strong><\/h3>\n    \n    \n    \n    <p>Wenn Sie einen Fehler in Ihren pers\u00f6nlichen Daten feststellen, sie f\u00fcr unvollst\u00e4ndig oder unangemessen halten, k\u00f6nnen Sie uns bitten, diese zu korrigieren, zu vervollst\u00e4ndigen oder zu l\u00f6schen. Sie k\u00f6nnen uns per E-Mail<a href=\"mailto:caleyron.ind@caleyron.fr\">(caleyron.ind@caleyron.fr)<\/a> oder per Post an 22, avenue du Forez, B.P 13 43110 Aurec-sur-loire France kontaktieren, um uns aufzufordern, die notwendigen Ma\u00dfnahmen zu ergreifen. <\/p>\n    \n    \n    \n    <div style=\"height:30px\" aria-hidden=\"true\" class=\"wp-block-spacer\"><\/div>\n    \n    \n    \n    <h3 class=\"wp-block-heading\"><strong>Wie k\u00f6nnen Sie sich von unseren Mitteilungen abmelden?<\/strong><\/h3>\n    \n    \n    \n    <p>Sie k\u00f6nnen sich jederzeit von unseren E-Mails abmelden, indem Sie auf den Link \"Ihre Einstellungen \u00e4ndern\" oder \"Von allen Listen abmelden\" klicken. Diese Links finden Sie in der Fu\u00dfzeile aller unserer Marketing- und Verkaufs-E-Mails. Sie k\u00f6nnen uns auch per E-Mail<a href=\"mailto:caleyron.ind@caleyron.fr\">(caleyron.ind@caleyron.fr)<\/a> oder per Post 22, avenue du Forez, B.P 13 43110 Aurec-sur-loire France anfragen. Ohne \u00c4nderungen oder Mitteilungen Ihrerseits werden wir Ihnen weiterhin E-Mails zusenden.   <\/p>\n    \n    \n    \n    <div style=\"height:80px\" aria-hidden=\"true\" class=\"wp-block-spacer\"><\/div>\n    <\/div><\/div>\n    ","protected":false},"excerpt":{"rendered":"<p>Datenschutzrichtlinie Die vorliegende Datenschutzrichtlinie gilt f\u00fcr die Website &#8220; http:\/\/www.caleyron.com\/ &#8222;. Der folgende Text erl\u00e4utert die Kategorien der von CALEYRON INDUSTRIES gesammelten Daten, ihre Verarbeitung, die intern und extern mobilisierten Akteure, die Dauer und den Ort der Speicherung und die Modalit\u00e4ten der Einsichtnahme. Durch die Nutzung unserer Website erkl\u00e4ren Sie sich mit den auf dieser [&hellip;]<\/p>\n","protected":false},"author":1,"featured_media":0,"parent":0,"menu_order":28,"comment_status":"closed","ping_status":"open","template":"","meta":{"advgb_blocks_editor_width":"","advgb_blocks_columns_visual_guide":"","footnotes":""},"class_list":["post-1920","page","type-page","status-publish","hentry"],"acf":[],"yoast_head":"<!-- This site is optimized with the Yoast SEO plugin v27.3 - https:\/\/yoast.com\/product\/yoast-seo-wordpress\/ -->\n<title>Datenschutzrichtlinie<\/title>\n<meta name=\"description\" content=\"Die vorliegende Datenschutzrichtlinie gilt f\u00fcr die Website &quot; http:\/\/www.caleyron.com\/ &quot;.\" \/>\n<meta name=\"robots\" content=\"index, follow, max-snippet:-1, max-image-preview:large, max-video-preview:-1\" \/>\n<link rel=\"canonical\" href=\"https:\/\/caleyron.com\/de\/datenschutzrichtlinie\/\" \/>\n<meta property=\"og:locale\" content=\"de_DE\" \/>\n<meta property=\"og:type\" content=\"article\" \/>\n<meta property=\"og:title\" content=\"Datenschutzrichtlinie\" \/>\n<meta property=\"og:description\" content=\"Die vorliegende Datenschutzrichtlinie gilt f\u00fcr die Website &quot; http:\/\/www.caleyron.com\/ &quot;.\" \/>\n<meta property=\"og:url\" content=\"https:\/\/caleyron.com\/de\/datenschutzrichtlinie\/\" \/>\n<meta property=\"og:site_name\" content=\"Caleyron Industries\" \/>\n<meta property=\"article:modified_time\" content=\"2024-12-21T12:14:08+00:00\" \/>\n<meta name=\"twitter:card\" content=\"summary_large_image\" \/>\n<meta name=\"twitter:label1\" content=\"Gesch\u00e4tzte Lesezeit\" \/>\n\t<meta name=\"twitter:data1\" content=\"5\u00a0Minuten\" \/>\n<script type=\"application\/ld+json\" class=\"yoast-schema-graph\">{\"@context\":\"https:\\\/\\\/schema.org\",\"@graph\":[{\"@type\":\"WebPage\",\"@id\":\"https:\\\/\\\/caleyron.com\\\/de\\\/datenschutzrichtlinie\\\/\",\"url\":\"https:\\\/\\\/caleyron.com\\\/de\\\/datenschutzrichtlinie\\\/\",\"name\":\"Datenschutzrichtlinie\",\"isPartOf\":{\"@id\":\"https:\\\/\\\/caleyron.com\\\/de\\\/#website\"},\"datePublished\":\"2024-07-23T15:43:20+00:00\",\"dateModified\":\"2024-12-21T12:14:08+00:00\",\"description\":\"Die vorliegende Datenschutzrichtlinie gilt f\u00fcr die Website \\\" http:\\\/\\\/www.caleyron.com\\\/ \\\".\",\"breadcrumb\":{\"@id\":\"https:\\\/\\\/caleyron.com\\\/de\\\/datenschutzrichtlinie\\\/#breadcrumb\"},\"inLanguage\":\"de\",\"potentialAction\":[{\"@type\":\"ReadAction\",\"target\":[\"https:\\\/\\\/caleyron.com\\\/de\\\/datenschutzrichtlinie\\\/\"]}]},{\"@type\":\"BreadcrumbList\",\"@id\":\"https:\\\/\\\/caleyron.com\\\/de\\\/datenschutzrichtlinie\\\/#breadcrumb\",\"itemListElement\":[{\"@type\":\"ListItem\",\"position\":1,\"name\":\"Startseite\",\"item\":\"https:\\\/\\\/caleyron.com\\\/de\\\/\"},{\"@type\":\"ListItem\",\"position\":2,\"name\":\"Datenschutzrichtlinie\"}]},{\"@type\":\"WebSite\",\"@id\":\"https:\\\/\\\/caleyron.com\\\/de\\\/#website\",\"url\":\"https:\\\/\\\/caleyron.com\\\/de\\\/\",\"name\":\"Caleyron Industries\",\"description\":\"\",\"publisher\":{\"@id\":\"https:\\\/\\\/caleyron.com\\\/de\\\/#organization\"},\"potentialAction\":[{\"@type\":\"SearchAction\",\"target\":{\"@type\":\"EntryPoint\",\"urlTemplate\":\"https:\\\/\\\/caleyron.com\\\/de\\\/?s={search_term_string}\"},\"query-input\":{\"@type\":\"PropertyValueSpecification\",\"valueRequired\":true,\"valueName\":\"search_term_string\"}}],\"inLanguage\":\"de\"},{\"@type\":\"Organization\",\"@id\":\"https:\\\/\\\/caleyron.com\\\/de\\\/#organization\",\"name\":\"Caleyron Industries\",\"url\":\"https:\\\/\\\/caleyron.com\\\/de\\\/\",\"logo\":{\"@type\":\"ImageObject\",\"inLanguage\":\"de\",\"@id\":\"https:\\\/\\\/caleyron.com\\\/de\\\/#\\\/schema\\\/logo\\\/image\\\/\",\"url\":\"https:\\\/\\\/caleyron.com\\\/wp-content\\\/uploads\\\/2024\\\/07\\\/footer_logo.svg\",\"contentUrl\":\"https:\\\/\\\/caleyron.com\\\/wp-content\\\/uploads\\\/2024\\\/07\\\/footer_logo.svg\",\"caption\":\"Caleyron Industries\"},\"image\":{\"@id\":\"https:\\\/\\\/caleyron.com\\\/de\\\/#\\\/schema\\\/logo\\\/image\\\/\"}}]}<\/script>\n<!-- \/ Yoast SEO plugin. -->","yoast_head_json":{"title":"Datenschutzrichtlinie","description":"Die vorliegende Datenschutzrichtlinie gilt f\u00fcr die Website \" http:\/\/www.caleyron.com\/ \".","robots":{"index":"index","follow":"follow","max-snippet":"max-snippet:-1","max-image-preview":"max-image-preview:large","max-video-preview":"max-video-preview:-1"},"canonical":"https:\/\/caleyron.com\/de\/datenschutzrichtlinie\/","og_locale":"de_DE","og_type":"article","og_title":"Datenschutzrichtlinie","og_description":"Die vorliegende Datenschutzrichtlinie gilt f\u00fcr die Website \" http:\/\/www.caleyron.com\/ \".","og_url":"https:\/\/caleyron.com\/de\/datenschutzrichtlinie\/","og_site_name":"Caleyron Industries","article_modified_time":"2024-12-21T12:14:08+00:00","twitter_card":"summary_large_image","twitter_misc":{"Gesch\u00e4tzte Lesezeit":"5\u00a0Minuten"},"schema":{"@context":"https:\/\/schema.org","@graph":[{"@type":"WebPage","@id":"https:\/\/caleyron.com\/de\/datenschutzrichtlinie\/","url":"https:\/\/caleyron.com\/de\/datenschutzrichtlinie\/","name":"Datenschutzrichtlinie","isPartOf":{"@id":"https:\/\/caleyron.com\/de\/#website"},"datePublished":"2024-07-23T15:43:20+00:00","dateModified":"2024-12-21T12:14:08+00:00","description":"Die vorliegende Datenschutzrichtlinie gilt f\u00fcr die Website \" http:\/\/www.caleyron.com\/ \".","breadcrumb":{"@id":"https:\/\/caleyron.com\/de\/datenschutzrichtlinie\/#breadcrumb"},"inLanguage":"de","potentialAction":[{"@type":"ReadAction","target":["https:\/\/caleyron.com\/de\/datenschutzrichtlinie\/"]}]},{"@type":"BreadcrumbList","@id":"https:\/\/caleyron.com\/de\/datenschutzrichtlinie\/#breadcrumb","itemListElement":[{"@type":"ListItem","position":1,"name":"Startseite","item":"https:\/\/caleyron.com\/de\/"},{"@type":"ListItem","position":2,"name":"Datenschutzrichtlinie"}]},{"@type":"WebSite","@id":"https:\/\/caleyron.com\/de\/#website","url":"https:\/\/caleyron.com\/de\/","name":"Caleyron Industries","description":"","publisher":{"@id":"https:\/\/caleyron.com\/de\/#organization"},"potentialAction":[{"@type":"SearchAction","target":{"@type":"EntryPoint","urlTemplate":"https:\/\/caleyron.com\/de\/?s={search_term_string}"},"query-input":{"@type":"PropertyValueSpecification","valueRequired":true,"valueName":"search_term_string"}}],"inLanguage":"de"},{"@type":"Organization","@id":"https:\/\/caleyron.com\/de\/#organization","name":"Caleyron Industries","url":"https:\/\/caleyron.com\/de\/","logo":{"@type":"ImageObject","inLanguage":"de","@id":"https:\/\/caleyron.com\/de\/#\/schema\/logo\/image\/","url":"https:\/\/caleyron.com\/wp-content\/uploads\/2024\/07\/footer_logo.svg","contentUrl":"https:\/\/caleyron.com\/wp-content\/uploads\/2024\/07\/footer_logo.svg","caption":"Caleyron Industries"},"image":{"@id":"https:\/\/caleyron.com\/de\/#\/schema\/logo\/image\/"}}]}},"coauthors":[],"author_meta":{"author_link":"https:\/\/caleyron.com\/de\/author\/imagcaleyadmiron\/","display_name":"Les Imageurs"},"relative_dates":{"created":"Posted 2\u00a0Jahren ago","modified":"Updated 1\u00a0Jahr ago"},"absolute_dates":{"created":"Posted on 23. Juli 2024","modified":"Updated on 21. Dezember 2024"},"absolute_dates_time":{"created":"Posted on 23. Juli 2024 17:43","modified":"Updated on 21. Dezember 2024 13:14"},"featured_img_caption":"","featured_img":false,"series_order":"","_links":{"self":[{"href":"https:\/\/caleyron.com\/de\/wp-json\/wp\/v2\/pages\/1920","targetHints":{"allow":["GET"]}}],"collection":[{"href":"https:\/\/caleyron.com\/de\/wp-json\/wp\/v2\/pages"}],"about":[{"href":"https:\/\/caleyron.com\/de\/wp-json\/wp\/v2\/types\/page"}],"author":[{"embeddable":true,"href":"https:\/\/caleyron.com\/de\/wp-json\/wp\/v2\/users\/1"}],"replies":[{"embeddable":true,"href":"https:\/\/caleyron.com\/de\/wp-json\/wp\/v2\/comments?post=1920"}],"version-history":[{"count":2,"href":"https:\/\/caleyron.com\/de\/wp-json\/wp\/v2\/pages\/1920\/revisions"}],"predecessor-version":[{"id":1936,"href":"https:\/\/caleyron.com\/de\/wp-json\/wp\/v2\/pages\/1920\/revisions\/1936"}],"wp:attachment":[{"href":"https:\/\/caleyron.com\/de\/wp-json\/wp\/v2\/media?parent=1920"}],"curies":[{"name":"wp","href":"https:\/\/api.w.org\/{rel}","templated":true}]}}