{"id":1924,"date":"2024-07-24T16:02:17","date_gmt":"2024-07-24T14:02:17","guid":{"rendered":"https:\/\/caleyron.com\/rechtliche-hinweise\/"},"modified":"2024-12-21T13:13:17","modified_gmt":"2024-12-21T12:13:17","slug":"rechtliche-hinweise","status":"publish","type":"page","link":"https:\/\/caleyron.com\/de\/rechtliche-hinweise\/","title":{"rendered":"Rechtliche Hinweise"},"content":{"rendered":"\n<div class=\"wp-block-group page-content\"><div class=\"wp-block-group__inner-container is-layout-constrained wp-block-group-is-layout-constrained\">\n    <div style=\"height:100px\" aria-hidden=\"true\" class=\"wp-block-spacer\"><\/div>\n    \n    \n    \n    <h1 class=\"wp-block-heading contact-title has-rouge-color has-text-color has-link-color wp-elements-a19415330659ec4d71c41b4a5e70622c\">Rechtliche Hinweise<\/h1>\n    \n    \n    \n    <div style=\"height:30px\" aria-hidden=\"true\" class=\"wp-block-spacer\"><\/div>\n    \n    \n    \n    <p><strong>Herausgeber:<\/strong> Serge CALEYRON<br\/><strong>Kontakt <\/strong>: <a href=\"mailto:caleyron.ind@caleyron.fr\">caleyron.ind@caleyron.fr<\/a><br\/><strong>Tel.  <\/strong>: +33 (0) 477-354-022<br\/><strong>Postanschrift<\/strong>: 22, avenue du Forez, B.P 13, 43110 Aurec-sur-loire Frankreich<br\/><strong>Webdesign und Realisierung der Website :<\/strong> <a href=\"http:\/\/www.imageurs.com\/\" target=\"_blank\" rel=\"noreferrer noopener\">imageurs.com<\/a><br\/><strong>Fotos:<\/strong> CALEYRON INDUSTRIES<br\/><strong>Hosting:<\/strong> <a href=\"https:\/\/www.evoliatis.com\/\" target=\"_blank\" rel=\"noreferrer noopener\">Evoliatis<\/a><br\/>26 rue Bergson, 42000 Saint-Etienne<br\/><a href=\"tel:0428040525\">04 28 04 05 25<\/a><\/p>\n    \n    \n    \n    <div style=\"height:30px\" aria-hidden=\"true\" class=\"wp-block-spacer\"><\/div>\n    \n    \n    \n    <h2 class=\"wp-block-heading\"><strong>Informatik und Freiheiten<\/strong><\/h2>\n    \n    \n    \n    <p>Die pers\u00f6nlichen Daten der Kunden, die \u00fcber die verschiedenen Formulare gesammelt werden, sind ausschlie\u00dflich f\u00fcr die Verwendung durch <strong>CALEYRON INDUSTRIES<\/strong> im Rahmen der Durchf\u00fchrung ihrer Dienstleistungen bestimmt. <strong>CALEYRON INDUSTRIES<\/strong> speichert die pers\u00f6nlichen Daten der Nutzer auf seinen eigenen Servern und verpflichtet sich, die gesammelten pers\u00f6nlichen Daten streng vertraulich zu behandeln.<\/p>\n    \n    \n    \n    <p>Gem\u00e4\u00df den Bestimmungen des Gesetzes Nr. 78-17 vom 6. Januar 1978 \u00fcber Informatik, Dateien und Freiheiten haben die Nutzer gem\u00e4\u00df Artikel 34 des Gesetzes vom 6. Januar 1978 ein Recht auf Zugang zu den sie betreffenden Daten sowie ein Recht auf \u00c4nderung und L\u00f6schung dieser Daten. Um von diesem Recht Gebrauch zu machen, gen\u00fcgt es, einen Brief oder eine E-Mail an <strong>CALEYRON INDUSTRIES <\/strong>unter den oben genannten Kontaktdaten zu senden. <\/p>\n    \n    \n    \n    <div style=\"height:30px\" aria-hidden=\"true\" class=\"wp-block-spacer\"><\/div>\n    \n    \n    \n    <h2 class=\"wp-block-heading\"><strong>Geistiges Eigentum<\/strong><\/h2>\n    \n    \n    \n    <p>Der Nutzer verpflichtet sich, ohne vorherige ausdr\u00fcckliche Genehmigung des Herausgebers Texte, Titel, Anwendungen, Logos, Marken, Informationen oder Illustrationen nicht zu vervielf\u00e4ltigen, zusammenzufassen, zu \u00e4ndern, zu modifizieren oder weiterzuverbreiten, es sei denn, dies geschieht ausschlie\u00dflich zu privaten Zwecken, was die Darstellung zu professionellen Zwecken oder die Weiterverbreitung in gro\u00dfer Zahl ausschlie\u00dft. Ebenso verpflichtet sich der Nutzer, die Website nicht ganz oder teilweise auf eine andere Website oder ein internes Unternehmensnetzwerk zu kopieren. <\/p>\n    \n    \n    \n    <div style=\"height:30px\" aria-hidden=\"true\" class=\"wp-block-spacer\"><\/div>\n    \n    \n    \n    <h2 class=\"wp-block-heading\"><strong>Bedingungen f\u00fcr die Nutzung der Website  <\/strong><\/h2>\n    \n    \n    \n    <p>Sie besuchen derzeit die Website von <strong>CALEYRON INDUSTRIES.<\/strong><br\/>Die Nutzung dieser Website bedeutet, dass Sie die vorliegenden Nutzungsbedingungen akzeptieren.<br\/>Kontakt f\u00fcr Fragen zur Nutzung der Website: <a href=\"mailto:caleyron.ind@caleyron.fr\">caleyron.ind@caleyron.fr<\/a><\/p>\n    \n    \n    \n    <div style=\"height:30px\" aria-hidden=\"true\" class=\"wp-block-spacer\"><\/div>\n    \n    \n    \n    <h3 class=\"wp-block-heading\"><strong>Inhalt der Website<\/strong><\/h3>\n    \n    \n    \n    <p>Die Website, die Texte, Bilder, T\u00f6ne, Fotos, Grafiken, herunterladbaren Dateien und ganz allgemein alle auf der Website enthaltenen Objekte sind das ausschlie\u00dfliche Eigentum von <strong>CALEYRON INDUSTRIES<\/strong> und\/oder der genannten Autoren. Diese Website und ihre Bestandteile stellen Werke dar, die durch die franz\u00f6sische Gesetzgebung und die internationalen \u00dcbereinkommen \u00fcber das Urheberrecht und das geistige Eigentum gesch\u00fctzt sind.<br\/>Die Vervielf\u00e4ltigung der Website oder einzelner Bestandteile der Website ist ohne vorherige ausdr\u00fcckliche Genehmigung des Herausgebers untersagt. Bei jeder genehmigten Vervielf\u00e4ltigung oder jedem Zitat m\u00fcssen der Name des Autors und die Quelle angegeben werden.  <\/p>\n    \n    \n    \n    <div style=\"height:30px\" aria-hidden=\"true\" class=\"wp-block-spacer\"><\/div>\n    \n    \n    \n    <h3 class=\"wp-block-heading\"><strong>Die Sendeformulare<\/strong><\/h3>\n    \n    \n    \n    <p>Nachrichten, die an diese Website \u00fcber das Sendeformular gesendet werden, werden ausschlie\u00dflich zur Bearbeitung der Nachricht verwendet und nicht ohne die Zustimmung des Absenders an Dritte weitergegeben. Diese Nachrichten werden f\u00fcr die Dauer der Bearbeitung der gestellten Frage aufbewahrt. Da die Website von <strong>CALEYRON INDUSTRIES<\/strong> keine besonderen Sicherheitsvorkehrungen (Datei\u00fcbertragung, Daten\u00fcbertragung) bietet, sollte der Absender einer Frage oder eines vertraulichen oder sensiblen Dokuments den Postweg bevorzugen.  <\/p>\n    \n    \n    \n    <div style=\"height:30px\" aria-hidden=\"true\" class=\"wp-block-spacer\"><\/div>\n    \n    \n    \n    <h3 class=\"wp-block-heading\"><strong>Hyperlinks<\/strong><\/h3>\n    \n    \n    \n    <p>Die Einrichtung eines Hyperlinks zu dieser Website bedarf der ausdr\u00fccklichen vorherigen Genehmigung des Herausgebers.<br\/>Diese vorherige Genehmigung gilt sowohl f\u00fcr die Erstellung:<br\/>- eines Hypertext-Links auf die Startseite in einem neuen Browserfenster,<br\/>- eines Links zu einer Innenseite der Website,<br\/>- eines Links durch Fenster (Framing),<br\/>- eines Links zu einem auf der Website enthaltenen Objekt (Inlining),<br\/>und ganz allgemein f\u00fcr alle Techniken zur Erstellung von Hypertext-Links.<\/p>\n    \n    \n    \n    <div style=\"height:80px\" aria-hidden=\"true\" class=\"wp-block-spacer\"><\/div>\n    <\/div><\/div>\n    ","protected":false},"excerpt":{"rendered":"<p>Rechtliche Hinweise Herausgeber: Serge CALEYRONKontakt : caleyron.ind@caleyron.frTel. : +33 (0) 477-354-022Postanschrift: 22, avenue du Forez, B.P 13, 43110 Aurec-sur-loire FrankreichWebdesign und Realisierung der Website : imageurs.comFotos: CALEYRON INDUSTRIESHosting: Evoliatis26 rue Bergson, 42000 Saint-Etienne04 28 04 05 25 Informatik und Freiheiten Die pers\u00f6nlichen Daten der Kunden, die \u00fcber die verschiedenen Formulare gesammelt werden, sind ausschlie\u00dflich f\u00fcr [&hellip;]<\/p>\n","protected":false},"author":1,"featured_media":0,"parent":0,"menu_order":12,"comment_status":"closed","ping_status":"closed","template":"","meta":{"advgb_blocks_editor_width":"","advgb_blocks_columns_visual_guide":"","footnotes":""},"class_list":["post-1924","page","type-page","status-publish","hentry"],"acf":[],"yoast_head":"<!-- This site is optimized with the Yoast SEO plugin v27.3 - https:\/\/yoast.com\/product\/yoast-seo-wordpress\/ -->\n<title>Rechtliche HinweiseRechtliche Hinweise<\/title>\n<meta name=\"description\" content=\"Herausgeber: Serge CALEYRON Kontakt : caleyron.ind@caleyron.fr Tel. : +33 (0) 477-354-022 Postanschrift: 22, avenue du Forez, B.P 13, 43110 Aurec-sur-loire Frankreich Webdesign und Realisierung der Website : imageurs.com Fotos: CALEYRON INDUSTRIES Hosting: Evoliatis 26 rue Bergson, 42000 Saint-Etienne 04 28 04 05 25\" \/>\n<meta name=\"robots\" content=\"index, follow, max-snippet:-1, max-image-preview:large, max-video-preview:-1\" \/>\n<link rel=\"canonical\" href=\"https:\/\/caleyron.com\/de\/rechtliche-hinweise\/\" \/>\n<meta property=\"og:locale\" content=\"de_DE\" \/>\n<meta property=\"og:type\" content=\"article\" \/>\n<meta property=\"og:title\" content=\"Rechtliche HinweiseRechtliche Hinweise\" \/>\n<meta property=\"og:description\" content=\"Herausgeber: Serge CALEYRON Kontakt : caleyron.ind@caleyron.fr Tel. : +33 (0) 477-354-022 Postanschrift: 22, avenue du Forez, B.P 13, 43110 Aurec-sur-loire Frankreich Webdesign und Realisierung der Website : imageurs.com Fotos: CALEYRON INDUSTRIES Hosting: Evoliatis 26 rue Bergson, 42000 Saint-Etienne 04 28 04 05 25\" \/>\n<meta property=\"og:url\" content=\"https:\/\/caleyron.com\/de\/rechtliche-hinweise\/\" \/>\n<meta property=\"og:site_name\" content=\"Caleyron Industries\" \/>\n<meta property=\"article:modified_time\" content=\"2024-12-21T12:13:17+00:00\" \/>\n<meta name=\"twitter:card\" content=\"summary_large_image\" \/>\n<meta name=\"twitter:label1\" content=\"Gesch\u00e4tzte Lesezeit\" \/>\n\t<meta name=\"twitter:data1\" content=\"3\u00a0Minuten\" \/>\n<script type=\"application\/ld+json\" class=\"yoast-schema-graph\">{\"@context\":\"https:\\\/\\\/schema.org\",\"@graph\":[{\"@type\":\"WebPage\",\"@id\":\"https:\\\/\\\/caleyron.com\\\/de\\\/rechtliche-hinweise\\\/\",\"url\":\"https:\\\/\\\/caleyron.com\\\/de\\\/rechtliche-hinweise\\\/\",\"name\":\"Rechtliche HinweiseRechtliche Hinweise\",\"isPartOf\":{\"@id\":\"https:\\\/\\\/caleyron.com\\\/de\\\/#website\"},\"datePublished\":\"2024-07-24T14:02:17+00:00\",\"dateModified\":\"2024-12-21T12:13:17+00:00\",\"description\":\"Herausgeber: Serge CALEYRON Kontakt : caleyron.ind@caleyron.fr Tel. : +33 (0) 477-354-022 Postanschrift: 22, avenue du Forez, B.P 13, 43110 Aurec-sur-loire Frankreich Webdesign und Realisierung der Website : imageurs.com Fotos: CALEYRON INDUSTRIES Hosting: Evoliatis 26 rue Bergson, 42000 Saint-Etienne 04 28 04 05 25\",\"breadcrumb\":{\"@id\":\"https:\\\/\\\/caleyron.com\\\/de\\\/rechtliche-hinweise\\\/#breadcrumb\"},\"inLanguage\":\"de\",\"potentialAction\":[{\"@type\":\"ReadAction\",\"target\":[\"https:\\\/\\\/caleyron.com\\\/de\\\/rechtliche-hinweise\\\/\"]}]},{\"@type\":\"BreadcrumbList\",\"@id\":\"https:\\\/\\\/caleyron.com\\\/de\\\/rechtliche-hinweise\\\/#breadcrumb\",\"itemListElement\":[{\"@type\":\"ListItem\",\"position\":1,\"name\":\"Startseite\",\"item\":\"https:\\\/\\\/caleyron.com\\\/de\\\/\"},{\"@type\":\"ListItem\",\"position\":2,\"name\":\"Rechtliche Hinweise\"}]},{\"@type\":\"WebSite\",\"@id\":\"https:\\\/\\\/caleyron.com\\\/de\\\/#website\",\"url\":\"https:\\\/\\\/caleyron.com\\\/de\\\/\",\"name\":\"Caleyron Industries\",\"description\":\"\",\"publisher\":{\"@id\":\"https:\\\/\\\/caleyron.com\\\/de\\\/#organization\"},\"potentialAction\":[{\"@type\":\"SearchAction\",\"target\":{\"@type\":\"EntryPoint\",\"urlTemplate\":\"https:\\\/\\\/caleyron.com\\\/de\\\/?s={search_term_string}\"},\"query-input\":{\"@type\":\"PropertyValueSpecification\",\"valueRequired\":true,\"valueName\":\"search_term_string\"}}],\"inLanguage\":\"de\"},{\"@type\":\"Organization\",\"@id\":\"https:\\\/\\\/caleyron.com\\\/de\\\/#organization\",\"name\":\"Caleyron Industries\",\"url\":\"https:\\\/\\\/caleyron.com\\\/de\\\/\",\"logo\":{\"@type\":\"ImageObject\",\"inLanguage\":\"de\",\"@id\":\"https:\\\/\\\/caleyron.com\\\/de\\\/#\\\/schema\\\/logo\\\/image\\\/\",\"url\":\"https:\\\/\\\/caleyron.com\\\/wp-content\\\/uploads\\\/2024\\\/07\\\/footer_logo.svg\",\"contentUrl\":\"https:\\\/\\\/caleyron.com\\\/wp-content\\\/uploads\\\/2024\\\/07\\\/footer_logo.svg\",\"caption\":\"Caleyron Industries\"},\"image\":{\"@id\":\"https:\\\/\\\/caleyron.com\\\/de\\\/#\\\/schema\\\/logo\\\/image\\\/\"}}]}<\/script>\n<!-- \/ Yoast SEO plugin. -->","yoast_head_json":{"title":"Rechtliche HinweiseRechtliche Hinweise","description":"Herausgeber: Serge CALEYRON Kontakt : caleyron.ind@caleyron.fr Tel. : +33 (0) 477-354-022 Postanschrift: 22, avenue du Forez, B.P 13, 43110 Aurec-sur-loire Frankreich Webdesign und Realisierung der Website : imageurs.com Fotos: CALEYRON INDUSTRIES Hosting: Evoliatis 26 rue Bergson, 42000 Saint-Etienne 04 28 04 05 25","robots":{"index":"index","follow":"follow","max-snippet":"max-snippet:-1","max-image-preview":"max-image-preview:large","max-video-preview":"max-video-preview:-1"},"canonical":"https:\/\/caleyron.com\/de\/rechtliche-hinweise\/","og_locale":"de_DE","og_type":"article","og_title":"Rechtliche HinweiseRechtliche Hinweise","og_description":"Herausgeber: Serge CALEYRON Kontakt : caleyron.ind@caleyron.fr Tel. : +33 (0) 477-354-022 Postanschrift: 22, avenue du Forez, B.P 13, 43110 Aurec-sur-loire Frankreich Webdesign und Realisierung der Website : imageurs.com Fotos: CALEYRON INDUSTRIES Hosting: Evoliatis 26 rue Bergson, 42000 Saint-Etienne 04 28 04 05 25","og_url":"https:\/\/caleyron.com\/de\/rechtliche-hinweise\/","og_site_name":"Caleyron Industries","article_modified_time":"2024-12-21T12:13:17+00:00","twitter_card":"summary_large_image","twitter_misc":{"Gesch\u00e4tzte Lesezeit":"3\u00a0Minuten"},"schema":{"@context":"https:\/\/schema.org","@graph":[{"@type":"WebPage","@id":"https:\/\/caleyron.com\/de\/rechtliche-hinweise\/","url":"https:\/\/caleyron.com\/de\/rechtliche-hinweise\/","name":"Rechtliche HinweiseRechtliche Hinweise","isPartOf":{"@id":"https:\/\/caleyron.com\/de\/#website"},"datePublished":"2024-07-24T14:02:17+00:00","dateModified":"2024-12-21T12:13:17+00:00","description":"Herausgeber: Serge CALEYRON Kontakt : caleyron.ind@caleyron.fr Tel. : +33 (0) 477-354-022 Postanschrift: 22, avenue du Forez, B.P 13, 43110 Aurec-sur-loire Frankreich Webdesign und Realisierung der Website : imageurs.com Fotos: CALEYRON INDUSTRIES Hosting: Evoliatis 26 rue Bergson, 42000 Saint-Etienne 04 28 04 05 25","breadcrumb":{"@id":"https:\/\/caleyron.com\/de\/rechtliche-hinweise\/#breadcrumb"},"inLanguage":"de","potentialAction":[{"@type":"ReadAction","target":["https:\/\/caleyron.com\/de\/rechtliche-hinweise\/"]}]},{"@type":"BreadcrumbList","@id":"https:\/\/caleyron.com\/de\/rechtliche-hinweise\/#breadcrumb","itemListElement":[{"@type":"ListItem","position":1,"name":"Startseite","item":"https:\/\/caleyron.com\/de\/"},{"@type":"ListItem","position":2,"name":"Rechtliche Hinweise"}]},{"@type":"WebSite","@id":"https:\/\/caleyron.com\/de\/#website","url":"https:\/\/caleyron.com\/de\/","name":"Caleyron Industries","description":"","publisher":{"@id":"https:\/\/caleyron.com\/de\/#organization"},"potentialAction":[{"@type":"SearchAction","target":{"@type":"EntryPoint","urlTemplate":"https:\/\/caleyron.com\/de\/?s={search_term_string}"},"query-input":{"@type":"PropertyValueSpecification","valueRequired":true,"valueName":"search_term_string"}}],"inLanguage":"de"},{"@type":"Organization","@id":"https:\/\/caleyron.com\/de\/#organization","name":"Caleyron Industries","url":"https:\/\/caleyron.com\/de\/","logo":{"@type":"ImageObject","inLanguage":"de","@id":"https:\/\/caleyron.com\/de\/#\/schema\/logo\/image\/","url":"https:\/\/caleyron.com\/wp-content\/uploads\/2024\/07\/footer_logo.svg","contentUrl":"https:\/\/caleyron.com\/wp-content\/uploads\/2024\/07\/footer_logo.svg","caption":"Caleyron Industries"},"image":{"@id":"https:\/\/caleyron.com\/de\/#\/schema\/logo\/image\/"}}]}},"coauthors":[],"author_meta":{"author_link":"https:\/\/caleyron.com\/de\/author\/imagcaleyadmiron\/","display_name":"Les Imageurs"},"relative_dates":{"created":"Ver\u00f6ffentlicht 2\u00a0Jahren vor","modified":"Aktualisiert 1\u00a0Jahr vor"},"absolute_dates":{"created":"Ver\u00f6ffentlicht am 24. Juli 2024","modified":"Aktualisiert am 21. Dezember 2024"},"absolute_dates_time":{"created":"Ver\u00f6ffentlicht am 24. Juli 2024 16:02","modified":"Aktualisiert am 21. Dezember 2024 13:13"},"featured_img_caption":"","featured_img":false,"series_order":"","_links":{"self":[{"href":"https:\/\/caleyron.com\/de\/wp-json\/wp\/v2\/pages\/1924","targetHints":{"allow":["GET"]}}],"collection":[{"href":"https:\/\/caleyron.com\/de\/wp-json\/wp\/v2\/pages"}],"about":[{"href":"https:\/\/caleyron.com\/de\/wp-json\/wp\/v2\/types\/page"}],"author":[{"embeddable":true,"href":"https:\/\/caleyron.com\/de\/wp-json\/wp\/v2\/users\/1"}],"replies":[{"embeddable":true,"href":"https:\/\/caleyron.com\/de\/wp-json\/wp\/v2\/comments?post=1924"}],"version-history":[{"count":3,"href":"https:\/\/caleyron.com\/de\/wp-json\/wp\/v2\/pages\/1924\/revisions"}],"predecessor-version":[{"id":1935,"href":"https:\/\/caleyron.com\/de\/wp-json\/wp\/v2\/pages\/1924\/revisions\/1935"}],"wp:attachment":[{"href":"https:\/\/caleyron.com\/de\/wp-json\/wp\/v2\/media?parent=1924"}],"curies":[{"name":"wp","href":"https:\/\/api.w.org\/{rel}","templated":true}]}}